{"id":13,"date":"2025-04-07T06:37:06","date_gmt":"2025-04-07T06:37:06","guid":{"rendered":"https:\/\/pachitosikin.masajishi.quest\/?page_id=13"},"modified":"2025-04-07T06:37:07","modified_gmt":"2025-04-07T06:37:07","slug":"aviso-legal","status":"publish","type":"page","link":"https:\/\/pachitosikin.masajishi.quest\/index.php\/aviso-legal\/","title":{"rendered":"Aviso Legal"},"content":{"rendered":"\n<p><strong>\u00daltima actualizaci\u00f3n:<\/strong>&nbsp;abril 2025<\/p>\n\n\n\n<p>Este Aviso Legal regula el uso del sitio web&nbsp;<strong>Puputruqiotos.masajishi.quest<\/strong>&nbsp;(en adelante, \u201cel sitio web\u201d), propiedad de su titular (en adelante, \u201cel titular\u201d o \u201cnosotros\u201d). Al navegar o utilizar este sitio, aceptas los t\u00e9rminos y condiciones establecidos en este aviso.<\/p>\n\n\n\n<hr class=\"wp-block-separator has-alpha-channel-opacity\"\/>\n\n\n\n<h2 class=\"wp-block-heading\">1. Identificaci\u00f3n del titular del sitio web<\/h2>\n\n\n\n<ul class=\"wp-block-list\">\n<li><strong>Nombre del titular:<\/strong>\u00a0[Nombre del responsable o empresa]<\/li>\n\n\n\n<li><strong>Domicilio social:<\/strong>\u00a0[Direcci\u00f3n del responsable, opcional si eres particular]<\/li>\n\n\n\n<li><strong>Correo electr\u00f3nico de contacto:<\/strong>\u00a0[<a class=\"\">correo@dominio.com<\/a>]<\/li>\n\n\n\n<li><strong>Nombre del dominio:<\/strong>\u00a0Puputruqiotos.masajishi.quest<\/li>\n\n\n\n<li><strong>Actividad principal:<\/strong>\u00a0[Especificar, por ejemplo: \u00abContenido informativo sobre marketing y videojuegos\u00bb, \u201cPlataforma de promoci\u00f3n de contenidos digitales\u201d, etc.]<\/li>\n<\/ul>\n\n\n\n<hr class=\"wp-block-separator has-alpha-channel-opacity\"\/>\n\n\n\n<h2 class=\"wp-block-heading\">2. Objeto del sitio web<\/h2>\n\n\n\n<p>A trav\u00e9s de&nbsp;<strong>Puputruqiotos.masajishi.quest<\/strong>, el titular ofrece contenidos de car\u00e1cter informativo, promocional y\/o educativo. El objetivo principal es compartir recursos, ideas o herramientas relacionadas con [insertar tem\u00e1tica: por ejemplo, \u201cestrategias de marketing digital, entretenimiento y promociones de juegos\u201d].<\/p>\n\n\n\n<hr class=\"wp-block-separator has-alpha-channel-opacity\"\/>\n\n\n\n<h2 class=\"wp-block-heading\">3. Responsabilidad del usuario<\/h2>\n\n\n\n<p>El usuario se compromete a utilizar el sitio web, sus contenidos y servicios conforme a la ley, la moral, el orden p\u00fablico y las presentes condiciones. Queda expresamente prohibido el uso del sitio con fines il\u00edcitos, lesivos o que puedan impedir el normal funcionamiento del mismo.<\/p>\n\n\n\n<hr class=\"wp-block-separator has-alpha-channel-opacity\"\/>\n\n\n\n<h2 class=\"wp-block-heading\">4. Propiedad intelectual e industrial<\/h2>\n\n\n\n<p>Todos los contenidos del sitio web (textos, im\u00e1genes, logotipos, v\u00eddeos, dise\u00f1o gr\u00e1fico, c\u00f3digo fuente, etc.) son propiedad del titular o de terceros con licencia, y est\u00e1n protegidos por las leyes de propiedad intelectual e industrial.<\/p>\n\n\n\n<p>Queda prohibida la reproducci\u00f3n, distribuci\u00f3n o transformaci\u00f3n total o parcial de los contenidos sin autorizaci\u00f3n expresa del titular.<\/p>\n\n\n\n<hr class=\"wp-block-separator has-alpha-channel-opacity\"\/>\n\n\n\n<h2 class=\"wp-block-heading\">5. Enlaces externos<\/h2>\n\n\n\n<p>Este sitio puede contener enlaces a p\u00e1ginas de terceros. El titular no se hace responsable del contenido, pol\u00edticas o pr\u00e1cticas de privacidad de dichos sitios externos. El usuario accede bajo su propia responsabilidad.<\/p>\n\n\n\n<hr class=\"wp-block-separator has-alpha-channel-opacity\"\/>\n\n\n\n<h2 class=\"wp-block-heading\">6. Exenci\u00f3n de responsabilidad<\/h2>\n\n\n\n<p>El titular no ser\u00e1 responsable de:<\/p>\n\n\n\n<ul class=\"wp-block-list\">\n<li>Los errores u omisiones en los contenidos.<\/li>\n\n\n\n<li>La falta de disponibilidad del sitio o interrupciones t\u00e9cnicas.<\/li>\n\n\n\n<li>La transmisi\u00f3n de virus o malware pese a las medidas tecnol\u00f3gicas de protecci\u00f3n.<\/li>\n<\/ul>\n\n\n\n<p>El uso del sitio web se realiza bajo el propio riesgo del usuario.<\/p>\n\n\n\n<hr class=\"wp-block-separator has-alpha-channel-opacity\"\/>\n\n\n\n<h2 class=\"wp-block-heading\">7. Pol\u00edtica de privacidad y cookies<\/h2>\n\n\n\n<p>Para conocer c\u00f3mo recopilamos y tratamos tus datos personales, consulta nuestra&nbsp;<strong>[Pol\u00edtica de Privacidad]<\/strong>&nbsp;y&nbsp;<strong>[Pol\u00edtica de Cookies]<\/strong>&nbsp;disponibles en este sitio.<\/p>\n\n\n\n<hr class=\"wp-block-separator has-alpha-channel-opacity\"\/>\n\n\n\n<h2 class=\"wp-block-heading\">8. Legislaci\u00f3n aplicable y jurisdicci\u00f3n<\/h2>\n\n\n\n<p>Este aviso se rige por la legislaci\u00f3n vigente en [Espa\u00f1a\/pa\u00eds de origen o residencia]. En caso de controversia, ambas partes se someter\u00e1n a los tribunales competentes del domicilio del titular, salvo disposici\u00f3n legal en contrario.<\/p>\n\n\n\n<hr class=\"wp-block-separator has-alpha-channel-opacity\"\/>\n\n\n\n<h2 class=\"wp-block-heading\">9. Contacto<\/h2>\n\n\n\n<p>Si tienes preguntas sobre este aviso legal o cualquier aspecto relacionado con el sitio, puedes escribirnos<\/p>\n","protected":false},"excerpt":{"rendered":"<p>\u00daltima actualizaci\u00f3n:&nbsp;abril 2025 Este Aviso Legal regula el uso del sitio web&nbsp;Puputruqiotos.masajishi.quest&nbsp;(en adelante, \u201cel sitio web\u201d), propiedad de su titular (en adelante, \u201cel titular\u201d o \u201cnosotros\u201d). Al navegar o utilizar este sitio, aceptas los t\u00e9rminos y condiciones establecidos en este aviso. 1. Identificaci\u00f3n del titular del sitio web 2. Objeto del sitio web A trav\u00e9s &#8230; <a title=\"Aviso Legal\" class=\"read-more\" href=\"https:\/\/pachitosikin.masajishi.quest\/index.php\/aviso-legal\/\" aria-label=\"Leer m\u00e1s sobre Aviso Legal\">Leer m\u00e1s<\/a><\/p>\n","protected":false},"author":1,"featured_media":0,"parent":0,"menu_order":0,"comment_status":"closed","ping_status":"closed","template":"","meta":{"footnotes":""},"class_list":["post-13","page","type-page","status-publish"],"_links":{"self":[{"href":"https:\/\/pachitosikin.masajishi.quest\/index.php\/wp-json\/wp\/v2\/pages\/13","targetHints":{"allow":["GET"]}}],"collection":[{"href":"https:\/\/pachitosikin.masajishi.quest\/index.php\/wp-json\/wp\/v2\/pages"}],"about":[{"href":"https:\/\/pachitosikin.masajishi.quest\/index.php\/wp-json\/wp\/v2\/types\/page"}],"author":[{"embeddable":true,"href":"https:\/\/pachitosikin.masajishi.quest\/index.php\/wp-json\/wp\/v2\/users\/1"}],"replies":[{"embeddable":true,"href":"https:\/\/pachitosikin.masajishi.quest\/index.php\/wp-json\/wp\/v2\/comments?post=13"}],"version-history":[{"count":0,"href":"https:\/\/pachitosikin.masajishi.quest\/index.php\/wp-json\/wp\/v2\/pages\/13\/revisions"}],"wp:attachment":[{"href":"https:\/\/pachitosikin.masajishi.quest\/index.php\/wp-json\/wp\/v2\/media?parent=13"}],"curies":[{"name":"wp","href":"https:\/\/api.w.org\/{rel}","templated":true}]}}